{"id":693,"date":"2024-01-19T06:28:59","date_gmt":"2024-01-19T03:28:59","guid":{"rendered":"https:\/\/xn--kristalritel-mlb.com\/?page_id=693"},"modified":"2024-01-19T06:28:59","modified_gmt":"2024-01-19T03:28:59","slug":"my-courses","status":"publish","type":"page","link":"https:\/\/xn--kristalritel-mlb.com\/?page_id=693","title":{"rendered":"My Courses"},"content":{"rendered":"<div class=\"wp-block-query wp-block-sensei-lms-course-list wp-block-sensei-lms-course-list--is-list-view is-layout-flow wp-block-query-is-layout-flow\">\n<div class=\"wp-block-group\" style=\"padding-top:var(--wp--preset--spacing--30);padding-bottom:0\"><div class=\"wp-block-group__inner-container is-layout-constrained wp-block-group-is-layout-constrained\"><\/div><\/div>\n\n\n<ul class=\"aligncenter wp-block-post-template is-layout-flow wp-block-post-template-is-layout-flow\"><li class=\"wp-block-post post-157 post type-post status-publish format-standard hentry category-genel\">\n\n<div class=\"wp-block-group aligncenter has-border-color\" style=\"border-color:#c7c3c34f;border-width:1px;padding-top:10px;padding-right:10px;padding-bottom:10px;padding-left:10px\"><div class=\"wp-block-group__inner-container is-layout-flow wp-block-group-is-layout-flow\">\n\n\n<div class=\"wp-block-columns is-layout-flex wp-container-core-columns-is-layout-9d6595d7 wp-block-columns-is-layout-flex\">\n<div class=\"wp-block-column is-layout-flow wp-block-column-is-layout-flow\" style=\"flex-basis:66.66%\">\n<div style=\"padding-bottom:var(--wp--preset--spacing--20)\" class=\"wp-block-sensei-lms-course-categories has-text-align-left\"><\/div>\n\n\n<h2 style=\"padding-top:0;padding-right:0;padding-bottom:0;padding-left:0;margin-top:0;margin-right:0;margin-bottom:0;margin-left:0;\" class=\"has-text-align-left wp-block-post-title\"><a href=\"https:\/\/xn--kristalritel-mlb.com\/?p=157\" target=\"_self\" >Rune Ta\u015f Fal\u0131<\/a><\/h2>\n\n<div class=\"has-text-align-left wp-block-post-author\"><div class=\"wp-block-post-author__avatar\"><img alt='' src='https:\/\/secure.gravatar.com\/avatar\/2c3234126bf4711e6f000c064113be7e2b58d8e0b50559eb002a679c7bdaa95b?s=48&#038;d=mm&#038;r=g' srcset='https:\/\/secure.gravatar.com\/avatar\/2c3234126bf4711e6f000c064113be7e2b58d8e0b50559eb002a679c7bdaa95b?s=96&#038;d=mm&#038;r=g 2x' class='avatar avatar-48 photo' height='48' width='48' \/><\/div><div class=\"wp-block-post-author__content\"><p class=\"wp-block-post-author__name\">kristal<\/p><\/div><\/div>\n\n<div class=\"has-text-align-left wp-block-post-excerpt\"><p class=\"wp-block-post-excerpt__excerpt\">R\u00fcn Fal\u0131 Anlamak: Tarihine ve Faydalar\u0131na Bir Bak\u0131\u015f Giri\u015f \u0130skandinav k\u00fclt\u00fcr\u00fcnden kaynaklanan eski bir kehanet Y\u00f6ntemi olan r\u00fcn bur\u00e7lar\u0131, bireylere ge\u00e7mi\u015fleri, bug\u00fcnleri ve gelecekleri hakk\u0131nda de\u011ferli bilgiler sunar. Runik sembollerin anlamlar\u0131n\u0131 de\u015fifre ederek, uygulay\u0131c\u0131lar ya\u015fam yollar\u0131n\u0131 ve bilin\u00e7li kararlar almak i\u00e7in gereken rehberli\u011fi daha iyi anlarlar. Bu blog yaz\u0131s\u0131, tarih\u00e7eyi, yorumlama s\u00fcrecini ve r\u00fcn bur\u00e7lar\u0131n\u0131nOkumaya&hellip; <\/p><\/div>\n\n\n\n<\/div>\n\n\n\n<div class=\"wp-block-column is-layout-flow wp-block-column-is-layout-flow\" style=\"padding-top:0;flex-basis:33.33%\">\n\n<div class=\"wp-block-sensei-lms-button-take-course is-style-default wp-block-sensei-button wp-block-button has-text-align-right\"><button class=\"wp-block-button__link\">Start Course<\/button><\/div>\n\n\n\n<div class=\"wp-block-sensei-lms-button-continue-course is-style-default wp-block-sensei-button wp-block-button has-text-align-right\"><a class=\"wp-block-button__link\">Continue<\/a><\/div>\n\n\n\n<div class=\"wp-block-sensei-lms-button-view-results is-style-default wp-block-sensei-button wp-block-button has-text-align-right\"><a class=\"wp-block-button__link\">Visit Results<\/a><\/div>\n\n<\/div>\n<\/div>\n<\/div><\/div>\n\n<\/li><li class=\"wp-block-post post-1 post type-post status-publish format-standard hentry category-genel\">\n\n<div class=\"wp-block-group aligncenter has-border-color\" style=\"border-color:#c7c3c34f;border-width:1px;padding-top:10px;padding-right:10px;padding-bottom:10px;padding-left:10px\"><div class=\"wp-block-group__inner-container is-layout-flow wp-block-group-is-layout-flow\">\n\n\n<div class=\"wp-block-columns is-layout-flex wp-container-core-columns-is-layout-9d6595d7 wp-block-columns-is-layout-flex\">\n<div class=\"wp-block-column is-layout-flow wp-block-column-is-layout-flow\" style=\"flex-basis:66.66%\">\n<div style=\"padding-bottom:var(--wp--preset--spacing--20)\" class=\"wp-block-sensei-lms-course-categories has-text-align-left\"><\/div>\n\n\n<h2 style=\"padding-top:0;padding-right:0;padding-bottom:0;padding-left:0;margin-top:0;margin-right:0;margin-bottom:0;margin-left:0;\" class=\"has-text-align-left wp-block-post-title\"><a href=\"https:\/\/xn--kristalritel-mlb.com\/?p=1\" target=\"_self\" >Merhaba d\u00fcnya!<\/a><\/h2>\n\n<div class=\"has-text-align-left wp-block-post-author\"><div class=\"wp-block-post-author__avatar\"><img alt='' src='https:\/\/secure.gravatar.com\/avatar\/2c3234126bf4711e6f000c064113be7e2b58d8e0b50559eb002a679c7bdaa95b?s=48&#038;d=mm&#038;r=g' srcset='https:\/\/secure.gravatar.com\/avatar\/2c3234126bf4711e6f000c064113be7e2b58d8e0b50559eb002a679c7bdaa95b?s=96&#038;d=mm&#038;r=g 2x' class='avatar avatar-48 photo' height='48' width='48' \/><\/div><div class=\"wp-block-post-author__content\"><p class=\"wp-block-post-author__name\">kristal<\/p><\/div><\/div>\n\n<div class=\"has-text-align-left wp-block-post-excerpt\"><p class=\"wp-block-post-excerpt__excerpt\">WordPress&#8217;e ho\u015f geldiniz. Bu sizin ilk yaz\u0131n\u0131z. Bu yaz\u0131y\u0131 d\u00fczenleyin ya da silin. Sonra yazmaya ba\u015flay\u0131n! <\/p><\/div>\n\n\n\n<\/div>\n\n\n\n<div class=\"wp-block-column is-layout-flow wp-block-column-is-layout-flow\" style=\"padding-top:0;flex-basis:33.33%\">\n\n<div class=\"wp-block-sensei-lms-button-take-course is-style-default wp-block-sensei-button wp-block-button has-text-align-right\"><button class=\"wp-block-button__link\">Start Course<\/button><\/div>\n\n\n\n<div class=\"wp-block-sensei-lms-button-continue-course is-style-default wp-block-sensei-button wp-block-button has-text-align-right\"><a class=\"wp-block-button__link\">Continue<\/a><\/div>\n\n\n\n<div class=\"wp-block-sensei-lms-button-view-results is-style-default wp-block-sensei-button wp-block-button has-text-align-right\"><a class=\"wp-block-button__link\">Visit Results<\/a><\/div>\n\n<\/div>\n<\/div>\n<\/div><\/div>\n\n<\/li><\/ul>\n\n<\/div>","protected":false},"excerpt":{"rendered":"","protected":false},"author":1,"featured_media":0,"parent":0,"menu_order":0,"comment_status":"closed","ping_status":"closed","template":"","meta":{"_coblocks_attr":"","_coblocks_dimensions":"","_coblocks_responsive_height":"","_coblocks_accordion_ie_support":"","footnotes":""},"class_list":["post-693","page","type-page","status-publish","hentry"],"_links":{"self":[{"href":"https:\/\/xn--kristalritel-mlb.com\/index.php?rest_route=\/wp\/v2\/pages\/693","targetHints":{"allow":["GET"]}}],"collection":[{"href":"https:\/\/xn--kristalritel-mlb.com\/index.php?rest_route=\/wp\/v2\/pages"}],"about":[{"href":"https:\/\/xn--kristalritel-mlb.com\/index.php?rest_route=\/wp\/v2\/types\/page"}],"author":[{"embeddable":true,"href":"https:\/\/xn--kristalritel-mlb.com\/index.php?rest_route=\/wp\/v2\/users\/1"}],"replies":[{"embeddable":true,"href":"https:\/\/xn--kristalritel-mlb.com\/index.php?rest_route=%2Fwp%2Fv2%2Fcomments&post=693"}],"version-history":[{"count":0,"href":"https:\/\/xn--kristalritel-mlb.com\/index.php?rest_route=\/wp\/v2\/pages\/693\/revisions"}],"wp:attachment":[{"href":"https:\/\/xn--kristalritel-mlb.com\/index.php?rest_route=%2Fwp%2Fv2%2Fmedia&parent=693"}],"curies":[{"name":"wp","href":"https:\/\/api.w.org\/{rel}","templated":true}]}}