{"id":27,"date":"2023-08-31T17:29:35","date_gmt":"2023-08-31T14:29:35","guid":{"rendered":"https:\/\/xn--kristalritel-mlb.com\/?page_id=27"},"modified":"2023-12-26T16:32:20","modified_gmt":"2023-12-26T13:32:20","slug":"sevgi-ritueli","status":"publish","type":"page","link":"https:\/\/xn--kristalritel-mlb.com\/?page_id=27","title":{"rendered":"Sevgi Rit\u00fceli"},"content":{"rendered":"\t\t<div data-elementor-type=\"wp-page\" data-elementor-id=\"27\" class=\"elementor elementor-27\">\n\t\t\t\t<div class=\"elementor-element elementor-element-4390ac95 e-flex e-con-boxed e-con e-parent\" data-id=\"4390ac95\" data-element_type=\"container\" data-e-type=\"container\">\n\t\t\t\t\t<div class=\"e-con-inner\">\n\t\t\t\t<div class=\"elementor-element elementor-element-611811ef elementor-widget elementor-widget-text-editor\" data-id=\"611811ef\" data-element_type=\"widget\" data-e-type=\"widget\" data-widget_type=\"text-editor.default\">\n\t\t\t\t\t\t\t\t\t<p><\/p>\n<div class=\"wp-block-uagb-image alignleft uagb-block-76d44db9 wp-block-uagb-image--layout-default wp-block-uagb-image--effect-static wp-block-uagb-image--align-left\">\n<figure class=\"wp-block-uagb-image__figure\"><img fetchpriority=\"high\" decoding=\"async\" class=\"uag-image-238\" title=\"\" src=\"https:\/\/xn--kristalritel-mlb.com\/wp-content\/uploads\/2023\/09\/6216cabe27c7bd65ec91ebcf7f4b33c0.jpg\" sizes=\"(max-width: 480px) 150px\" srcset=\"https:\/\/xn--kristalritel-mlb.com\/wp-content\/uploads\/2023\/09\/6216cabe27c7bd65ec91ebcf7f4b33c0.jpg \" alt=\"\" width=\"272\" height=\"362\"><\/figure>\n<\/div>\n<p><\/p>\n<p>Sevgi Rit\u00fceli ayr\u0131l\u0131k ya\u015fad\u0131\u011f\u0131n\u0131z yada ya\u015famamam\u0131z gereken ciddi kavgalar sonucu olu\u015fan kin, \u00f6fke ve nefret duygular\u0131n\u0131 ortadan kald\u0131rmak ve sizi eskiden nas\u0131l tan\u0131yorsa o eski masumane sevgiyi hat\u0131rlamas\u0131n\u0131 sa\u011flayarak, ili\u015fkide tekrardan biz demeyi ve bir elma duygusunu kazand\u0131r\u0131r.<\/p>\n<p><\/p>\n<p class=\"has-text-align-center has-helvetica-font-family has-custom-font has-custom-weight\" style=\"font-family: Helvetica; font-weight: bold; font-size: 22px;\"><strong>Sevgi Rit\u00fceli Hangi Durumda Yapt\u0131r\u0131l\u0131r<\/strong><\/p>\n<p><\/p>\n<p>\u0130stemsiz bir \u015fekilde hayat\u0131m\u0131zda sorunlarla kar\u015f\u0131la\u015fabiliyoruz hal b\u00f6yle olunca hi\u00e7 alakas\u0131 olmayan ki\u015filere bile bu durumu yans\u0131tabilir ve onlar\u0131 k\u0131rabiliriz, tabi bunun i\u00e7ine A\u015fk fakt\u00f6r\u00fc de eklenince s\u00fcrekli nazlanma ve beklenen ilgiyi g\u00f6remeyince kavgalar meydana gelir. Durum \u00f6yle bir yere var\u0131r ki f\u0131nd\u0131k kabu\u011funu doldurmayacak sebeplerden bile kavga edilir ve ili\u015fki toksik bir hale gelir. Mutluluk yerine k\u00f6t\u00fc laflar ve davran\u0131\u015flar hayat\u0131n\u0131z\u0131 t\u00fcm y\u00f6n\u00fcyle k\u00f6t\u00fc etkiler.<\/p>\n<p><\/p>\n<p>Yukar\u0131da bahsi ge\u00e7en konular negatifli\u011fi alarak ili\u015fki yeniden \u015fekillenir ve sevginin de\u011ferini anlar<\/p>\n<p><\/p>\n<p class=\"has-text-align-center has-helvetica-font-family has-custom-font has-custom-weight\" style=\"font-family: Helvetica; font-weight: bold; font-size: 22px;\"><strong>Sevgi Rit\u00fcelinin Faydalar\u0131<\/strong><\/p>\n<p><\/p>\n<p>Ge\u00e7mi\u015fte affedilmesi zor hatalar yap\u0131ld\u0131ysa, duydu\u011fu kin ve \u00f6fke gider.<\/p>\n<p><\/p>\n<p>Asabili\u011fi ve g\u00f6n\u00fcl k\u0131r\u0131c\u0131 davran\u0131\u015flar\u0131n\u0131 b\u0131rak\u0131p, ge\u00e7mi\u015fteki g\u00fczel an\u0131lar akl\u0131na gelir.<\/p>\n<p><\/p>\n<p>Eskiden oldu\u011fu gibi masumane a\u015fk\u0131 tekrardan hat\u0131rlar ve ne yaparsa sizi b\u0131rakaca\u011f\u0131n\u0131 bilir ve bu davran\u0131\u015flar\u0131ndan vaz ge\u00e7erek sizi mutlu etmeye \u00e7al\u0131\u015f\u0131r.<\/p>\n<p><\/p>\n<p>Yapt\u0131\u011f\u0131 hatalardan dolay\u0131 pi\u015fmanl\u0131k duyar ve vicdan azab\u0131 \u00e7eker.<\/p>\n<p><\/p>\n<p>\u00c7\u0131kars\u0131z ve kar\u015f\u0131l\u0131ks\u0131z bir sevgiyi \u00f6zler tekrar ayn\u0131 hatalar\u0131 yapmaz.<\/p>\n<h5><b>Ki\u015fisel Bak\u0131m, \u0130\u015flem ve Sorunlar\u0131n\u0131z\u0131 bize dan\u0131\u015fmaktan \u00e7ekinmeyin, Whatsapp ikonuna t\u0131klaman\u0131z ve bize mesaj atman\u0131z yeterli.<\/b><\/h5>\n<p><\/p>\n<hr class=\"wp-block-separator has-alpha-channel-opacity is-style-wide\">\n<p><\/p>\t\t\t\t\t\t\t\t<\/div>\n\t\t\t\t\t<\/div>\n\t\t\t\t<\/div>\n\t\t<div class=\"elementor-element elementor-element-0952f33 e-flex e-con-boxed e-con e-parent\" data-id=\"0952f33\" data-element_type=\"container\" data-e-type=\"container\">\n\t\t\t\t\t<div class=\"e-con-inner\">\n\t\t\t\t<div class=\"elementor-element elementor-element-ba0a09e elementor-shape-circle elementor-grid-0 e-grid-align-center elementor-widget elementor-widget-social-icons\" data-id=\"ba0a09e\" data-element_type=\"widget\" data-e-type=\"widget\" data-widget_type=\"social-icons.default\">\n\t\t\t\t\t\t\t<div class=\"elementor-social-icons-wrapper elementor-grid\" role=\"list\">\n\t\t\t\t\t\t\t<span class=\"elementor-grid-item\" role=\"listitem\">\n\t\t\t\t\t<a class=\"elementor-icon elementor-social-icon elementor-social-icon-instagram elementor-repeater-item-6a5f03b\" href=\"https:\/\/www.instagram.com\/kristalrituel\/\" target=\"_blank\">\n\t\t\t\t\t\t<span class=\"elementor-screen-only\">Instagram<\/span>\n\t\t\t\t\t\t<svg aria-hidden=\"true\" class=\"e-font-icon-svg e-fab-instagram\" viewBox=\"0 0 448 512\" xmlns=\"http:\/\/www.w3.org\/2000\/svg\"><path d=\"M224.1 141c-63.6 0-114.9 51.3-114.9 114.9s51.3 114.9 114.9 114.9S339 319.5 339 255.9 287.7 141 224.1 141zm0 189.6c-41.1 0-74.7-33.5-74.7-74.7s33.5-74.7 74.7-74.7 74.7 33.5 74.7 74.7-33.6 74.7-74.7 74.7zm146.4-194.3c0 14.9-12 26.8-26.8 26.8-14.9 0-26.8-12-26.8-26.8s12-26.8 26.8-26.8 26.8 12 26.8 26.8zm76.1 27.2c-1.7-35.9-9.9-67.7-36.2-93.9-26.2-26.2-58-34.4-93.9-36.2-37-2.1-147.9-2.1-184.9 0-35.8 1.7-67.6 9.9-93.9 36.1s-34.4 58-36.2 93.9c-2.1 37-2.1 147.9 0 184.9 1.7 35.9 9.9 67.7 36.2 93.9s58 34.4 93.9 36.2c37 2.1 147.9 2.1 184.9 0 35.9-1.7 67.7-9.9 93.9-36.2 26.2-26.2 34.4-58 36.2-93.9 2.1-37 2.1-147.8 0-184.8zM398.8 388c-7.8 19.6-22.9 34.7-42.6 42.6-29.5 11.7-99.5 9-132.1 9s-102.7 2.6-132.1-9c-19.6-7.8-34.7-22.9-42.6-42.6-11.7-29.5-9-99.5-9-132.1s-2.6-102.7 9-132.1c7.8-19.6 22.9-34.7 42.6-42.6 29.5-11.7 99.5-9 132.1-9s102.7-2.6 132.1 9c19.6 7.8 34.7 22.9 42.6 42.6 11.7 29.5 9 99.5 9 132.1s2.7 102.7-9 132.1z\"><\/path><\/svg>\t\t\t\t\t<\/a>\n\t\t\t\t<\/span>\n\t\t\t\t\t\t\t<span class=\"elementor-grid-item\" role=\"listitem\">\n\t\t\t\t\t<a class=\"elementor-icon elementor-social-icon elementor-social-icon-whatsapp elementor-repeater-item-37bd33c\" href=\"https:\/\/www.whatsapp.com\/catalog\/905332574052\/?app_absent=0\" target=\"_blank\">\n\t\t\t\t\t\t<span class=\"elementor-screen-only\">Whatsapp<\/span>\n\t\t\t\t\t\t<svg aria-hidden=\"true\" class=\"e-font-icon-svg e-fab-whatsapp\" viewBox=\"0 0 448 512\" xmlns=\"http:\/\/www.w3.org\/2000\/svg\"><path d=\"M380.9 97.1C339 55.1 283.2 32 223.9 32c-122.4 0-222 99.6-222 222 0 39.1 10.2 77.3 29.6 111L0 480l117.7-30.9c32.4 17.7 68.9 27 106.1 27h.1c122.3 0 224.1-99.6 224.1-222 0-59.3-25.2-115-67.1-157zm-157 341.6c-33.2 0-65.7-8.9-94-25.7l-6.7-4-69.8 18.3L72 359.2l-4.4-7c-18.5-29.4-28.2-63.3-28.2-98.2 0-101.7 82.8-184.5 184.6-184.5 49.3 0 95.6 19.2 130.4 54.1 34.8 34.9 56.2 81.2 56.1 130.5 0 101.8-84.9 184.6-186.6 184.6zm101.2-138.2c-5.5-2.8-32.8-16.2-37.9-18-5.1-1.9-8.8-2.8-12.5 2.8-3.7 5.6-14.3 18-17.6 21.8-3.2 3.7-6.5 4.2-12 1.4-32.6-16.3-54-29.1-75.5-66-5.7-9.8 5.7-9.1 16.3-30.3 1.8-3.7.9-6.9-.5-9.7-1.4-2.8-12.5-30.1-17.1-41.2-4.5-10.8-9.1-9.3-12.5-9.5-3.2-.2-6.9-.2-10.6-.2-3.7 0-9.7 1.4-14.8 6.9-5.1 5.6-19.4 19-19.4 46.3 0 27.3 19.9 53.7 22.6 57.4 2.8 3.7 39.1 59.7 94.8 83.8 35.2 15.2 49 16.5 66.6 13.9 10.7-1.6 32.8-13.4 37.4-26.4 4.6-13 4.6-24.1 3.2-26.4-1.3-2.5-5-3.9-10.5-6.6z\"><\/path><\/svg>\t\t\t\t\t<\/a>\n\t\t\t\t<\/span>\n\t\t\t\t\t\t\t<span class=\"elementor-grid-item\" role=\"listitem\">\n\t\t\t\t\t<a class=\"elementor-icon elementor-social-icon elementor-social-icon-youtube elementor-repeater-item-a56f29f\" href=\"https:\/\/www.youtube.com\/@kristalrituel-ro4ox\/featured\" target=\"_blank\">\n\t\t\t\t\t\t<span class=\"elementor-screen-only\">Youtube<\/span>\n\t\t\t\t\t\t<svg aria-hidden=\"true\" class=\"e-font-icon-svg e-fab-youtube\" viewBox=\"0 0 576 512\" xmlns=\"http:\/\/www.w3.org\/2000\/svg\"><path d=\"M549.655 124.083c-6.281-23.65-24.787-42.276-48.284-48.597C458.781 64 288 64 288 64S117.22 64 74.629 75.486c-23.497 6.322-42.003 24.947-48.284 48.597-11.412 42.867-11.412 132.305-11.412 132.305s0 89.438 11.412 132.305c6.281 23.65 24.787 41.5 48.284 47.821C117.22 448 288 448 288 448s170.78 0 213.371-11.486c23.497-6.321 42.003-24.171 48.284-47.821 11.412-42.867 11.412-132.305 11.412-132.305s0-89.438-11.412-132.305zm-317.51 213.508V175.185l142.739 81.205-142.739 81.201z\"><\/path><\/svg>\t\t\t\t\t<\/a>\n\t\t\t\t<\/span>\n\t\t\t\t\t<\/div>\n\t\t\t\t\t\t<\/div>\n\t\t\t\t\t<\/div>\n\t\t\t\t<\/div>\n\t\t\t\t<\/div>\n\t\t","protected":false},"excerpt":{"rendered":"<p>Sevgi Rit\u00fceli ayr\u0131l\u0131k ya\u015fad\u0131\u011f\u0131n\u0131z yada ya\u015famamam\u0131z gereken ciddi kavgalar sonucu olu\u015fan kin, \u00f6fke ve nefret duygular\u0131n\u0131 ortadan kald\u0131rmak ve sizi eskiden nas\u0131l tan\u0131yorsa o eski masumane sevgiyi hat\u0131rlamas\u0131n\u0131 sa\u011flayarak, ili\u015fkide tekrardan biz demeyi ve bir elma duygusunu kazand\u0131r\u0131r. Sevgi Rit\u00fceli Hangi Durumda Yapt\u0131r\u0131l\u0131r \u0130stemsiz bir \u015fekilde hayat\u0131m\u0131zda sorunlarla kar\u015f\u0131la\u015fabiliyoruz hal b\u00f6yle olunca hi\u00e7 alakas\u0131 olmayan<a class=\"more-link\" href=\"https:\/\/xn--kristalritel-mlb.com\/?page_id=27\">Okumaya devam et <span class=\"meta-nav\">&rarr;<\/span><\/a><\/p>\n","protected":false},"author":1,"featured_media":0,"parent":0,"menu_order":0,"comment_status":"closed","ping_status":"closed","template":"","meta":{"_coblocks_attr":"Helvetica,Helvetica","_coblocks_dimensions":"","_coblocks_responsive_height":"","_coblocks_accordion_ie_support":"","footnotes":""},"class_list":["post-27","page","type-page","status-publish","hentry"],"_links":{"self":[{"href":"https:\/\/xn--kristalritel-mlb.com\/index.php?rest_route=\/wp\/v2\/pages\/27","targetHints":{"allow":["GET"]}}],"collection":[{"href":"https:\/\/xn--kristalritel-mlb.com\/index.php?rest_route=\/wp\/v2\/pages"}],"about":[{"href":"https:\/\/xn--kristalritel-mlb.com\/index.php?rest_route=\/wp\/v2\/types\/page"}],"author":[{"embeddable":true,"href":"https:\/\/xn--kristalritel-mlb.com\/index.php?rest_route=\/wp\/v2\/users\/1"}],"replies":[{"embeddable":true,"href":"https:\/\/xn--kristalritel-mlb.com\/index.php?rest_route=%2Fwp%2Fv2%2Fcomments&post=27"}],"version-history":[{"count":8,"href":"https:\/\/xn--kristalritel-mlb.com\/index.php?rest_route=\/wp\/v2\/pages\/27\/revisions"}],"predecessor-version":[{"id":665,"href":"https:\/\/xn--kristalritel-mlb.com\/index.php?rest_route=\/wp\/v2\/pages\/27\/revisions\/665"}],"wp:attachment":[{"href":"https:\/\/xn--kristalritel-mlb.com\/index.php?rest_route=%2Fwp%2Fv2%2Fmedia&parent=27"}],"curies":[{"name":"wp","href":"https:\/\/api.w.org\/{rel}","templated":true}]}}