{"id":167,"date":"2023-09-05T11:48:37","date_gmt":"2023-09-05T08:48:37","guid":{"rendered":"https:\/\/xn--kristalritel-mlb.com\/?page_id=167"},"modified":"2023-09-15T18:24:15","modified_gmt":"2023-09-15T15:24:15","slug":"melek-fali","status":"publish","type":"page","link":"https:\/\/xn--kristalritel-mlb.com\/?page_id=167","title":{"rendered":"Melek Fal\u0131"},"content":{"rendered":"\t\t<div data-elementor-type=\"wp-page\" data-elementor-id=\"167\" class=\"elementor elementor-167\">\n\t\t\t\t<div class=\"elementor-element elementor-element-1d8a3010 e-flex e-con-boxed e-con e-parent\" data-id=\"1d8a3010\" data-element_type=\"container\" data-e-type=\"container\">\n\t\t\t\t\t<div class=\"e-con-inner\">\n\t\t\t\t<div class=\"elementor-element elementor-element-5e111b63 elementor-widget elementor-widget-text-editor\" data-id=\"5e111b63\" data-element_type=\"widget\" data-e-type=\"widget\" data-widget_type=\"text-editor.default\">\n\t\t\t\t\t\t\t\t\t<p><\/p>\n<div class=\"wp-block-uagb-image alignleft uagb-block-4cf14a33 wp-block-uagb-image--layout-default wp-block-uagb-image--effect-static wp-block-uagb-image--align-left\">\n<figure class=\"wp-block-uagb-image__figure\"><img decoding=\"async\" class=\"uag-image-253 aligncenter\" title=\"\" src=\"https:\/\/xn--kristalritel-mlb.com\/wp-content\/uploads\/2023\/09\/ac6d99367a753bc5e1f257a4be4ced14.jpg\" sizes=\"(max-width: 480px) 150px\" srcset=\"https:\/\/xn--kristalritel-mlb.com\/wp-content\/uploads\/2023\/09\/ac6d99367a753bc5e1f257a4be4ced14.jpg \" alt=\"\" width=\"134\" height=\"171\" \/><\/figure>\n<\/div>\n<p><\/p>\n<p>\u00a0<\/p>\n<p>\u00a0<\/p>\n<p>Ruhsal Rehberli\u011fe Bir Bak\u0131\u015f Melek Bur\u00e7lar\u0131 bireylere ya\u015famlar\u0131nda gezinmeleri i\u00e7in manevi i\u00e7g\u00f6r\u00fc ve rehberlik sa\u011flayan eski bir uygulamad\u0131r. Melekler olarak bilinen g\u00f6ksel varl\u0131klar\u0131n bize rehberlik etme ve koruma g\u00fcc\u00fcne sahip oldu\u011fu inanc\u0131na dayanan astrolojinin bu y\u00f6n\u00fc, derin vahivleri ortaya \u00e7\u0131karmak i\u00e7in ilahi bilgeli\u011fi ve mistisizmi birle\u015ftirir.<\/p>\n<p><\/p>\n<p>Melek Falinin tarihi insanlann goksel alemlerden ilahi habercilerin varligina inand\u0131klar\u0131 eski uygarl\u0131klara kadar izlenebilir. Bu haberciler, manevi bilgiye sahip olan ve insanlara ayd\u0131nlanma ve destek sunabilen iyiliksever varliklard\u0131r. Y\u00fczy\u0131llar boyunca, \u00e7e\u015fitli k\u00fclt\u00fcrler melek rehberli\u011fi kavramini astrolojiye benimsemi\u015f ve dahil etmi\u015ftir Melek Bur\u00e7lar alemine daimak i\u00e7in \u00f6nce bir bireyin do\u011fum ranninin ve saatinin \u00f6nemini kabul etmek gerekir. Bur detaylar, onlarla do\u011frudan ili\u015fkili meseksel varikloni tan\u0131mlamak i\u00e7in analiz edilir Her insana, manevi yolculuklarin denetleyen ve astrolojik okumalar yoluyla mesajlar deten koruyucu bir melek atanic Melek Faling incelerken blz uzmani astrologlar g\u00f6k cisimlerinin konumu, melek alemier ve bulundururuz Delirii meleklere ikili astrolojis semboller gibi say\u0131s\u0131z faktori qor on\u00fcnde bulunduru \u00far Bu derinlemesine analiz bir bireyin ki\u015filik \u00d6zellikler g\u00fc\u00e7l\u00fc y\u00f6nleri ve zorluklar hakkinda paha bi\u00e7ilmez bilgiler sagar Melek falsacece bir visinin mevcut kosauna i\u015fk tutmakla kalmaz, ayn\u0131 zamanda gecek i\u00e7in rehber keder ilani quclerin etlerin anlayarak bireyler ya\u015famlarinin amaci, eskileri ve kariyer se\u00e7imler sakk\u0131nda netlik kazaniriar Ek olarak, melek fali potansiyel engelleri belirlemede \u00f6nemli Faydalar\u0131ndan biri, ki\u015finin i\u00e7 benli\u011fi ve manevi alemi ile ba\u011flant\u0131 kurma f\u0131rsat\u0131d\u0131r. Al\u0131nan rehberlik, bireylerin eylemlerini ve kararlar\u0131n\u0131 daha y\u00fcksek ama\u00e7lar\u0131yla uyumlu hale getirmelerine, ki\u015fisel geli\u015fimlerini ve yerine getirmelerini te\u015fvik etmelerine yard\u0131mc\u0131 olur. Bu manevi uygulama, bar\u0131\u015f ve huzur duygusu a\u015f\u0131lar, zor zamanlarda teselli sa\u011flar ve bireyleri yolculuklar\u0131n\u0131 g\u00fcvenle kucaklamalar\u0131 i\u00e7in g\u00fc\u00e7lendirir. Dahas\u0131, Melek Fal\u0131 ge\u00e7mi\u015f deneyimlere a\u00e7\u0131kl\u0131k getirebilir ve bireylerin ge\u00e7mi\u015f travmalardan veya hatalardan yans\u0131tmalar\u0131n\u0131, \u00f6\u011frenmelerini ve iyile\u015fmelerini sa\u011flar. O\u011frenilen dersiere yeni bir bak\u0131\u015f a\u00e7\u0131s\u0131 sunar ve bireylerin geleceklerini olumlu y\u00f6nde \u015fekillendirmek i\u00e7in bilin\u00e7li se\u00e7imler yapmalar\u0131na yard\u0131mc\u0131 olur. Melek Bur\u00e7lar\u0131 taraf\u0131ndan sa\u011flanan talimatlar, ya\u015fam\u0131n \u00e7e\u015fitli y\u00f6nleri hakk\u0131nda derin bilgiler sunar. Bu, ili\u015fkiler, kariyer se\u00e7imleri, sa\u011fl\u0131k ve genel refah hakk\u0131nda rehberlik i\u00e7erir. G\u00f6ksel bilgeli\u011fin yard\u0131m\u0131yla, bireyler bilin\u00e7li kararlar verebilir ve ki\u015fisel ve ruhsal geli\u015fimleriyle uyumlu eylemlerde bulunabilirler. Sonu\u00e7 olarak, Melek fali, bireylere ya\u015famlar\u0131 hakk\u0131nda derin bilgiler sunmak i\u00e7in eski bilgeli\u011fi, g\u00f6ksel rehberli\u011fi ve astrolojiyi birle\u015ftirir. Ki\u015fisel ve ruhsal geli\u015fim i\u00e7in bir yol haritas\u0131 sunarak, bireylerin dikkatli se\u00e7imler yapmalarini ve eylemlerini ilahi ama\u00e7lar\u0131yle uyumlu hale getirmelerini sa\u011flar. Melek Bur\u00e7lar\u0131n\u0131 kucaklayarak, bireyler i\u00e7 benlikleri ve manevi alemleri ile derin bir ba\u011flant\u0131 kurabilir ve daha tatmin edici ve ama\u00e7l\u0131 bir ya\u015fama yol a\u00e7abilirler.<\/p>\n<p><\/p>\n<p class=\"has-text-align-center\" style=\"font-size: 22px;\"><strong><a href=\"https:\/\/www.whatsapp.com\/catalog\/905332574052\/?app_absent=0\" data-type=\"link\" data-id=\"https:\/\/www.whatsapp.com\/catalog\/905332574052\/?app_absent=0\">Online Melek Fal\u0131<\/a><\/strong><\/p>\n<p><\/p>\n<p>A\u015fk Hayat\u0131n\u0131za dair detaylar\u0131 ve merak etti\u011finiz t\u00fcm sorular\u0131n cevaplar\u0131n\u0131 \u00f6\u011frenebilirsin. \u00dcstelik hi\u00e7bir yere gitmeden merak etti\u011finiz sorular\u0131n cevab\u0131n\u0131 alacaks\u0131n\u0131z.<\/p>\n<p><\/p>\n<p>Fal Bakan cafelerde yada yasal olarak \u00e7al\u0131\u015fmayan ki\u015filer taraf\u0131ndan suistimal edilmeden bize ula\u015f\u0131p yasal vergi levhal\u0131 olarak \u00e7al\u0131\u015fan bizlerden randevu alabilir. Ve istedi\u011finiz saatte Katina fal\u0131 bakt\u0131rabilirsiniz.<\/p>\n<p><\/p>\n<p>Y\u0131ld\u0131zname Kahve Fal\u0131, Tarot Fal\u0131, El Fal\u0131, Kehanet Fal\u0131, Su Fal\u0131 gibi bak\u0131mlara ve daha fazlas\u0131na online olarak bakt\u0131rabilirsiniz.<\/p>\n<p><\/p>\n<p class=\"has-text-align-center\"><strong>Siz bizi d\u00fc\u015f\u00fcn\u00fcn biz sizi arar\u0131z .<\/strong><\/p>\n<p><\/p>\n<hr class=\"wp-block-separator has-alpha-channel-opacity is-style-wide\" \/>\n<p><\/p>\t\t\t\t\t\t\t\t<\/div>\n\t\t\t\t\t<\/div>\n\t\t\t\t<\/div>\n\t\t<div class=\"elementor-element elementor-element-762f9bc e-flex e-con-boxed e-con e-parent\" data-id=\"762f9bc\" data-element_type=\"container\" data-e-type=\"container\">\n\t\t\t\t\t<div class=\"e-con-inner\">\n\t\t\t\t<div class=\"elementor-element elementor-element-e32815b elementor-shape-circle elementor-grid-0 e-grid-align-center elementor-widget elementor-widget-social-icons\" data-id=\"e32815b\" data-element_type=\"widget\" data-e-type=\"widget\" data-widget_type=\"social-icons.default\">\n\t\t\t\t\t\t\t<div class=\"elementor-social-icons-wrapper elementor-grid\" role=\"list\">\n\t\t\t\t\t\t\t<span class=\"elementor-grid-item\" role=\"listitem\">\n\t\t\t\t\t<a class=\"elementor-icon elementor-social-icon elementor-social-icon-instagram elementor-repeater-item-0a32ad3\" href=\"https:\/\/www.instagram.com\/kristalrituel\/\" target=\"_blank\">\n\t\t\t\t\t\t<span class=\"elementor-screen-only\">Instagram<\/span>\n\t\t\t\t\t\t<svg aria-hidden=\"true\" class=\"e-font-icon-svg e-fab-instagram\" viewBox=\"0 0 448 512\" xmlns=\"http:\/\/www.w3.org\/2000\/svg\"><path d=\"M224.1 141c-63.6 0-114.9 51.3-114.9 114.9s51.3 114.9 114.9 114.9S339 319.5 339 255.9 287.7 141 224.1 141zm0 189.6c-41.1 0-74.7-33.5-74.7-74.7s33.5-74.7 74.7-74.7 74.7 33.5 74.7 74.7-33.6 74.7-74.7 74.7zm146.4-194.3c0 14.9-12 26.8-26.8 26.8-14.9 0-26.8-12-26.8-26.8s12-26.8 26.8-26.8 26.8 12 26.8 26.8zm76.1 27.2c-1.7-35.9-9.9-67.7-36.2-93.9-26.2-26.2-58-34.4-93.9-36.2-37-2.1-147.9-2.1-184.9 0-35.8 1.7-67.6 9.9-93.9 36.1s-34.4 58-36.2 93.9c-2.1 37-2.1 147.9 0 184.9 1.7 35.9 9.9 67.7 36.2 93.9s58 34.4 93.9 36.2c37 2.1 147.9 2.1 184.9 0 35.9-1.7 67.7-9.9 93.9-36.2 26.2-26.2 34.4-58 36.2-93.9 2.1-37 2.1-147.8 0-184.8zM398.8 388c-7.8 19.6-22.9 34.7-42.6 42.6-29.5 11.7-99.5 9-132.1 9s-102.7 2.6-132.1-9c-19.6-7.8-34.7-22.9-42.6-42.6-11.7-29.5-9-99.5-9-132.1s-2.6-102.7 9-132.1c7.8-19.6 22.9-34.7 42.6-42.6 29.5-11.7 99.5-9 132.1-9s102.7-2.6 132.1 9c19.6 7.8 34.7 22.9 42.6 42.6 11.7 29.5 9 99.5 9 132.1s2.7 102.7-9 132.1z\"><\/path><\/svg>\t\t\t\t\t<\/a>\n\t\t\t\t<\/span>\n\t\t\t\t\t\t\t<span class=\"elementor-grid-item\" role=\"listitem\">\n\t\t\t\t\t<a class=\"elementor-icon elementor-social-icon elementor-social-icon-whatsapp elementor-repeater-item-27a5d39\" href=\"https:\/\/www.whatsapp.com\/catalog\/905332574052\/?app_absent=0\" target=\"_blank\">\n\t\t\t\t\t\t<span class=\"elementor-screen-only\">Whatsapp<\/span>\n\t\t\t\t\t\t<svg aria-hidden=\"true\" class=\"e-font-icon-svg e-fab-whatsapp\" viewBox=\"0 0 448 512\" xmlns=\"http:\/\/www.w3.org\/2000\/svg\"><path d=\"M380.9 97.1C339 55.1 283.2 32 223.9 32c-122.4 0-222 99.6-222 222 0 39.1 10.2 77.3 29.6 111L0 480l117.7-30.9c32.4 17.7 68.9 27 106.1 27h.1c122.3 0 224.1-99.6 224.1-222 0-59.3-25.2-115-67.1-157zm-157 341.6c-33.2 0-65.7-8.9-94-25.7l-6.7-4-69.8 18.3L72 359.2l-4.4-7c-18.5-29.4-28.2-63.3-28.2-98.2 0-101.7 82.8-184.5 184.6-184.5 49.3 0 95.6 19.2 130.4 54.1 34.8 34.9 56.2 81.2 56.1 130.5 0 101.8-84.9 184.6-186.6 184.6zm101.2-138.2c-5.5-2.8-32.8-16.2-37.9-18-5.1-1.9-8.8-2.8-12.5 2.8-3.7 5.6-14.3 18-17.6 21.8-3.2 3.7-6.5 4.2-12 1.4-32.6-16.3-54-29.1-75.5-66-5.7-9.8 5.7-9.1 16.3-30.3 1.8-3.7.9-6.9-.5-9.7-1.4-2.8-12.5-30.1-17.1-41.2-4.5-10.8-9.1-9.3-12.5-9.5-3.2-.2-6.9-.2-10.6-.2-3.7 0-9.7 1.4-14.8 6.9-5.1 5.6-19.4 19-19.4 46.3 0 27.3 19.9 53.7 22.6 57.4 2.8 3.7 39.1 59.7 94.8 83.8 35.2 15.2 49 16.5 66.6 13.9 10.7-1.6 32.8-13.4 37.4-26.4 4.6-13 4.6-24.1 3.2-26.4-1.3-2.5-5-3.9-10.5-6.6z\"><\/path><\/svg>\t\t\t\t\t<\/a>\n\t\t\t\t<\/span>\n\t\t\t\t\t\t\t<span class=\"elementor-grid-item\" role=\"listitem\">\n\t\t\t\t\t<a class=\"elementor-icon elementor-social-icon elementor-social-icon-youtube elementor-repeater-item-3bcafc2\" href=\"https:\/\/www.youtube.com\/@kristalrituel-ro4ox\/featured\" target=\"_blank\">\n\t\t\t\t\t\t<span class=\"elementor-screen-only\">Youtube<\/span>\n\t\t\t\t\t\t<svg aria-hidden=\"true\" class=\"e-font-icon-svg e-fab-youtube\" viewBox=\"0 0 576 512\" xmlns=\"http:\/\/www.w3.org\/2000\/svg\"><path d=\"M549.655 124.083c-6.281-23.65-24.787-42.276-48.284-48.597C458.781 64 288 64 288 64S117.22 64 74.629 75.486c-23.497 6.322-42.003 24.947-48.284 48.597-11.412 42.867-11.412 132.305-11.412 132.305s0 89.438 11.412 132.305c6.281 23.65 24.787 41.5 48.284 47.821C117.22 448 288 448 288 448s170.78 0 213.371-11.486c23.497-6.321 42.003-24.171 48.284-47.821 11.412-42.867 11.412-132.305 11.412-132.305s0-89.438-11.412-132.305zm-317.51 213.508V175.185l142.739 81.205-142.739 81.201z\"><\/path><\/svg>\t\t\t\t\t<\/a>\n\t\t\t\t<\/span>\n\t\t\t\t\t<\/div>\n\t\t\t\t\t\t<\/div>\n\t\t\t\t\t<\/div>\n\t\t\t\t<\/div>\n\t\t\t\t<\/div>\n\t\t","protected":false},"excerpt":{"rendered":"<p>\u00a0 \u00a0 Ruhsal Rehberli\u011fe Bir Bak\u0131\u015f Melek Bur\u00e7lar\u0131 bireylere ya\u015famlar\u0131nda gezinmeleri i\u00e7in manevi i\u00e7g\u00f6r\u00fc ve rehberlik sa\u011flayan eski bir uygulamad\u0131r. Melekler olarak bilinen g\u00f6ksel varl\u0131klar\u0131n bize rehberlik etme ve koruma g\u00fcc\u00fcne sahip oldu\u011fu inanc\u0131na dayanan astrolojinin bu y\u00f6n\u00fc, derin vahivleri ortaya \u00e7\u0131karmak i\u00e7in ilahi bilgeli\u011fi ve mistisizmi birle\u015ftirir. Melek Falinin tarihi insanlann goksel alemlerden ilahi<a class=\"more-link\" href=\"https:\/\/xn--kristalritel-mlb.com\/?page_id=167\">Okumaya devam et <span class=\"meta-nav\">&rarr;<\/span><\/a><\/p>\n","protected":false},"author":1,"featured_media":0,"parent":0,"menu_order":0,"comment_status":"closed","ping_status":"closed","template":"","meta":{"_coblocks_attr":"","_coblocks_dimensions":"","_coblocks_responsive_height":"","_coblocks_accordion_ie_support":"","footnotes":""},"class_list":["post-167","page","type-page","status-publish","hentry"],"_links":{"self":[{"href":"https:\/\/xn--kristalritel-mlb.com\/index.php?rest_route=\/wp\/v2\/pages\/167","targetHints":{"allow":["GET"]}}],"collection":[{"href":"https:\/\/xn--kristalritel-mlb.com\/index.php?rest_route=\/wp\/v2\/pages"}],"about":[{"href":"https:\/\/xn--kristalritel-mlb.com\/index.php?rest_route=\/wp\/v2\/types\/page"}],"author":[{"embeddable":true,"href":"https:\/\/xn--kristalritel-mlb.com\/index.php?rest_route=\/wp\/v2\/users\/1"}],"replies":[{"embeddable":true,"href":"https:\/\/xn--kristalritel-mlb.com\/index.php?rest_route=%2Fwp%2Fv2%2Fcomments&post=167"}],"version-history":[{"count":14,"href":"https:\/\/xn--kristalritel-mlb.com\/index.php?rest_route=\/wp\/v2\/pages\/167\/revisions"}],"predecessor-version":[{"id":482,"href":"https:\/\/xn--kristalritel-mlb.com\/index.php?rest_route=\/wp\/v2\/pages\/167\/revisions\/482"}],"wp:attachment":[{"href":"https:\/\/xn--kristalritel-mlb.com\/index.php?rest_route=%2Fwp%2Fv2%2Fmedia&parent=167"}],"curies":[{"name":"wp","href":"https:\/\/api.w.org\/{rel}","templated":true}]}}