{"id":155,"date":"2023-09-05T11:01:59","date_gmt":"2023-09-05T08:01:59","guid":{"rendered":"https:\/\/xn--kristalritel-mlb.com\/?page_id=155"},"modified":"2023-09-15T18:27:23","modified_gmt":"2023-09-15T15:27:23","slug":"numeroloji","status":"publish","type":"page","link":"https:\/\/xn--kristalritel-mlb.com\/?page_id=155","title":{"rendered":"Numeroloji"},"content":{"rendered":"\t\t<div data-elementor-type=\"wp-page\" data-elementor-id=\"155\" class=\"elementor elementor-155\">\n\t\t\t\t<div class=\"elementor-element elementor-element-3430c9dc e-flex e-con-boxed e-con e-parent\" data-id=\"3430c9dc\" data-element_type=\"container\" data-e-type=\"container\">\n\t\t\t\t\t<div class=\"e-con-inner\">\n\t\t\t\t<div class=\"elementor-element elementor-element-46061e1e elementor-widget elementor-widget-text-editor\" data-id=\"46061e1e\" data-element_type=\"widget\" data-e-type=\"widget\" data-widget_type=\"text-editor.default\">\n\t\t\t\t\t\t\t\t\t\n<div class=\"wp-block-uagb-image alignleft uagb-block-70d2b1b4 wp-block-uagb-image--layout-default wp-block-uagb-image--effect-static wp-block-uagb-image--align-left\"><figure class=\"wp-block-uagb-image__figure\"><img loading=\"lazy\" decoding=\"async\" srcset=\"https:\/\/xn--kristalritel-mlb.com\/wp-content\/uploads\/2023\/09\/a72807f7ef28c7faa0acdd9b155123fe-547x1024.jpg \" sizes=\"auto, (max-width: 480px) 150px\" src=\"https:\/\/xn--kristalritel-mlb.com\/wp-content\/uploads\/2023\/09\/a72807f7ef28c7faa0acdd9b155123fe-547x1024.jpg\" alt=\"\" class=\"uag-image-247\" width=\"274\" height=\"486\" title=\"\" loading=\"lazy\"\/><\/figure><\/div>\n\n\n\n<p>Say\u0131lar\u0131 ve matematiksel ili\u015fkileri kullanarak insanlar\u0131n ki\u015filik \u00f6zelliklerini, davran\u0131\u015flar\u0131n\u0131 ve kaderlerini analiz eder. Bu, her bir say\u0131n\u0131n belirli bir enerji frekans\u0131 temsil eder.<\/p>\n\n\n\n<p>Numerolojinin k\u00f6kenleri ve tarih\u00e7esi \u00e7ok eski \u00e7a\u011flara dayanmaktad\u0131r. \u0130lk olarak antik M\u0131s\u0131r, Yunan ve Hint k\u00fclt\u00fcrlerinde ortaya \u00e7\u0131kt\u0131\u011f\u0131 bilinmektedir. Hindistan\u2019\u0131n k\u00f6kl\u00fc bilim ve felsefesi olan Vedik gelene\u011finde kullan\u0131lan numeroloji, zamanla di\u011fer k\u00fclt\u00fcrlere yay\u0131lm\u0131\u015f ve farkl\u0131 \u015fekillerde geli\u015fmi\u015ftir.<\/p>\n\n\n\n<p>Numerolojide, her harf ve say\u0131 bir enerji frekans\u0131n\u0131 temsil eder. Bu nedenle do\u011fum tarihiniz, isim ve soyad\u0131n\u0131z gibi ki\u015fisel bilgilerinizi kullanarak numerolojik bir analiz yap\u0131labilir. Genellikle kullan\u0131lan y\u00f6ntem, do\u011fum tarihinizin say\u0131sal de\u011ferini toplamak ve ard\u0131ndan harflerin say\u0131sal de\u011ferlerini kullanarak isimlerinizi ve kelimelerinizi analiz etmektir.<\/p>\n\n\n\n<p>Numerolojik analiz, bir ki\u015finin ki\u015filik \u00f6zelliklerini, yeteneklerini, zay\u0131f y\u00f6nlerini ve olas\u0131 gelecekteki e\u011filimlerini anlamay\u0131 hedefler. \u00d6rne\u011fin, belirli say\u0131 kombinasyonlar\u0131na veya desenlere sahip insanlar\u0131n daha yarat\u0131c\u0131, analitik veya duygusal olabilece\u011fi bilinir. Numeroloji ayr\u0131ca, bir ki\u015finin uyumlu ili\u015fkileri, kariyer se\u00e7imleri ve genel ya\u015fam yollar\u0131 hakk\u0131nda da fikir vererek hayata daha emin ad\u0131mlar atar.<\/p>\n\n\n\n<p>&nbsp;Numeroloji, bir rehberlik ve ki\u015fisel fark\u0131ndal\u0131k arac\u0131 olarak kullan\u0131lmal\u0131d\u0131r<\/p>\n\n\n\n<p>Numeroloji hakk\u0131nda daha fazla bilgi almak ve analiz yapmak i\u00e7in bir uzmana dan\u0131\u015fman\u0131z \u00f6nerilir. Uzman numerologlar, daha karma\u015f\u0131k analizler yapabilir ve ki\u015fisel numeroloji profilinizi olu\u015fturabilir.<\/p>\n\n\n\n<p><strong>Bu sayede<\/strong><\/p>\n\n\n\n<ul class=\"wp-block-list\">\n<li>Ba\u015far\u0131l\u0131 olaca\u011f\u0131n\u0131z meslek dal\u0131<\/li>\n<\/ul>\n\n\n\n<ul class=\"wp-block-list\">\n<li>karakter \u00f6zelliklerini belirlenerek, sosyal ve i\u015f hayat\u0131nda daha \u00f6n planda olursunuz art\u0131larinizi\u00a0 ve eksiklerinizi\u00a0 \u00f6\u011frendikten sonra<\/li>\n<\/ul>\n\n\n\n<ul class=\"wp-block-list\">\n<li>kader say\u0131n\u0131z ve ya\u015fam yolunuz belirlenir.<\/li>\n<\/ul>\n\n\n\n<p>T\u00fcm bu sorular\u0131n cevaplar\u0131n\u0131 merak ediyorsan. <strong><a href=\"https:\/\/www.whatsapp.com\/catalog\/905332574052\/?app_absent=0\" data-type=\"link\" data-id=\"https:\/\/www.whatsapp.com\/catalog\/905332574052\/?app_absent=0\">Online randevu<\/a><\/strong> alarak istedi\u011fin saatte bakim yapt\u0131rabilirsiniz.<\/p>\n\n\n\n<hr class=\"wp-block-separator has-alpha-channel-opacity is-style-wide\"\/>\n\t\t\t\t\t\t\t\t<\/div>\n\t\t\t\t\t<\/div>\n\t\t\t\t<\/div>\n\t\t<div class=\"elementor-element elementor-element-b7b8b04 e-flex e-con-boxed e-con e-parent\" data-id=\"b7b8b04\" data-element_type=\"container\" data-e-type=\"container\">\n\t\t\t\t\t<div class=\"e-con-inner\">\n\t\t\t\t<div class=\"elementor-element elementor-element-438d6cf elementor-shape-circle elementor-grid-0 e-grid-align-center elementor-widget elementor-widget-social-icons\" data-id=\"438d6cf\" data-element_type=\"widget\" data-e-type=\"widget\" data-widget_type=\"social-icons.default\">\n\t\t\t\t\t\t\t<div class=\"elementor-social-icons-wrapper elementor-grid\" role=\"list\">\n\t\t\t\t\t\t\t<span class=\"elementor-grid-item\" role=\"listitem\">\n\t\t\t\t\t<a class=\"elementor-icon elementor-social-icon elementor-social-icon-instagram elementor-repeater-item-56a7454\" href=\"https:\/\/www.instagram.com\/kristalrituel\/\" target=\"_blank\">\n\t\t\t\t\t\t<span class=\"elementor-screen-only\">Instagram<\/span>\n\t\t\t\t\t\t<svg aria-hidden=\"true\" class=\"e-font-icon-svg e-fab-instagram\" viewBox=\"0 0 448 512\" xmlns=\"http:\/\/www.w3.org\/2000\/svg\"><path d=\"M224.1 141c-63.6 0-114.9 51.3-114.9 114.9s51.3 114.9 114.9 114.9S339 319.5 339 255.9 287.7 141 224.1 141zm0 189.6c-41.1 0-74.7-33.5-74.7-74.7s33.5-74.7 74.7-74.7 74.7 33.5 74.7 74.7-33.6 74.7-74.7 74.7zm146.4-194.3c0 14.9-12 26.8-26.8 26.8-14.9 0-26.8-12-26.8-26.8s12-26.8 26.8-26.8 26.8 12 26.8 26.8zm76.1 27.2c-1.7-35.9-9.9-67.7-36.2-93.9-26.2-26.2-58-34.4-93.9-36.2-37-2.1-147.9-2.1-184.9 0-35.8 1.7-67.6 9.9-93.9 36.1s-34.4 58-36.2 93.9c-2.1 37-2.1 147.9 0 184.9 1.7 35.9 9.9 67.7 36.2 93.9s58 34.4 93.9 36.2c37 2.1 147.9 2.1 184.9 0 35.9-1.7 67.7-9.9 93.9-36.2 26.2-26.2 34.4-58 36.2-93.9 2.1-37 2.1-147.8 0-184.8zM398.8 388c-7.8 19.6-22.9 34.7-42.6 42.6-29.5 11.7-99.5 9-132.1 9s-102.7 2.6-132.1-9c-19.6-7.8-34.7-22.9-42.6-42.6-11.7-29.5-9-99.5-9-132.1s-2.6-102.7 9-132.1c7.8-19.6 22.9-34.7 42.6-42.6 29.5-11.7 99.5-9 132.1-9s102.7-2.6 132.1 9c19.6 7.8 34.7 22.9 42.6 42.6 11.7 29.5 9 99.5 9 132.1s2.7 102.7-9 132.1z\"><\/path><\/svg>\t\t\t\t\t<\/a>\n\t\t\t\t<\/span>\n\t\t\t\t\t\t\t<span class=\"elementor-grid-item\" role=\"listitem\">\n\t\t\t\t\t<a class=\"elementor-icon elementor-social-icon elementor-social-icon-whatsapp elementor-repeater-item-2b0dfe7\" href=\"https:\/\/www.whatsapp.com\/catalog\/905332574052\/?app_absent=0\" target=\"_blank\">\n\t\t\t\t\t\t<span class=\"elementor-screen-only\">Whatsapp<\/span>\n\t\t\t\t\t\t<svg aria-hidden=\"true\" class=\"e-font-icon-svg e-fab-whatsapp\" viewBox=\"0 0 448 512\" xmlns=\"http:\/\/www.w3.org\/2000\/svg\"><path d=\"M380.9 97.1C339 55.1 283.2 32 223.9 32c-122.4 0-222 99.6-222 222 0 39.1 10.2 77.3 29.6 111L0 480l117.7-30.9c32.4 17.7 68.9 27 106.1 27h.1c122.3 0 224.1-99.6 224.1-222 0-59.3-25.2-115-67.1-157zm-157 341.6c-33.2 0-65.7-8.9-94-25.7l-6.7-4-69.8 18.3L72 359.2l-4.4-7c-18.5-29.4-28.2-63.3-28.2-98.2 0-101.7 82.8-184.5 184.6-184.5 49.3 0 95.6 19.2 130.4 54.1 34.8 34.9 56.2 81.2 56.1 130.5 0 101.8-84.9 184.6-186.6 184.6zm101.2-138.2c-5.5-2.8-32.8-16.2-37.9-18-5.1-1.9-8.8-2.8-12.5 2.8-3.7 5.6-14.3 18-17.6 21.8-3.2 3.7-6.5 4.2-12 1.4-32.6-16.3-54-29.1-75.5-66-5.7-9.8 5.7-9.1 16.3-30.3 1.8-3.7.9-6.9-.5-9.7-1.4-2.8-12.5-30.1-17.1-41.2-4.5-10.8-9.1-9.3-12.5-9.5-3.2-.2-6.9-.2-10.6-.2-3.7 0-9.7 1.4-14.8 6.9-5.1 5.6-19.4 19-19.4 46.3 0 27.3 19.9 53.7 22.6 57.4 2.8 3.7 39.1 59.7 94.8 83.8 35.2 15.2 49 16.5 66.6 13.9 10.7-1.6 32.8-13.4 37.4-26.4 4.6-13 4.6-24.1 3.2-26.4-1.3-2.5-5-3.9-10.5-6.6z\"><\/path><\/svg>\t\t\t\t\t<\/a>\n\t\t\t\t<\/span>\n\t\t\t\t\t\t\t<span class=\"elementor-grid-item\" role=\"listitem\">\n\t\t\t\t\t<a class=\"elementor-icon elementor-social-icon elementor-social-icon-youtube elementor-repeater-item-e8047d2\" href=\"https:\/\/www.youtube.com\/@kristalrituel-ro4ox\/featured\" target=\"_blank\">\n\t\t\t\t\t\t<span class=\"elementor-screen-only\">Youtube<\/span>\n\t\t\t\t\t\t<svg aria-hidden=\"true\" class=\"e-font-icon-svg e-fab-youtube\" viewBox=\"0 0 576 512\" xmlns=\"http:\/\/www.w3.org\/2000\/svg\"><path d=\"M549.655 124.083c-6.281-23.65-24.787-42.276-48.284-48.597C458.781 64 288 64 288 64S117.22 64 74.629 75.486c-23.497 6.322-42.003 24.947-48.284 48.597-11.412 42.867-11.412 132.305-11.412 132.305s0 89.438 11.412 132.305c6.281 23.65 24.787 41.5 48.284 47.821C117.22 448 288 448 288 448s170.78 0 213.371-11.486c23.497-6.321 42.003-24.171 48.284-47.821 11.412-42.867 11.412-132.305 11.412-132.305s0-89.438-11.412-132.305zm-317.51 213.508V175.185l142.739 81.205-142.739 81.201z\"><\/path><\/svg>\t\t\t\t\t<\/a>\n\t\t\t\t<\/span>\n\t\t\t\t\t<\/div>\n\t\t\t\t\t\t<\/div>\n\t\t\t\t\t<\/div>\n\t\t\t\t<\/div>\n\t\t\t\t<\/div>\n\t\t","protected":false},"excerpt":{"rendered":"<p>Say\u0131lar\u0131 ve matematiksel ili\u015fkileri kullanarak insanlar\u0131n ki\u015filik \u00f6zelliklerini, davran\u0131\u015flar\u0131n\u0131 ve kaderlerini analiz eder. Bu, her bir say\u0131n\u0131n belirli bir enerji frekans\u0131 temsil eder. Numerolojinin k\u00f6kenleri ve tarih\u00e7esi \u00e7ok eski \u00e7a\u011flara dayanmaktad\u0131r. \u0130lk olarak antik M\u0131s\u0131r, Yunan ve Hint k\u00fclt\u00fcrlerinde ortaya \u00e7\u0131kt\u0131\u011f\u0131 bilinmektedir. Hindistan\u2019\u0131n k\u00f6kl\u00fc bilim ve felsefesi olan Vedik gelene\u011finde kullan\u0131lan numeroloji, zamanla di\u011fer k\u00fclt\u00fcrlere<a class=\"more-link\" href=\"https:\/\/xn--kristalritel-mlb.com\/?page_id=155\">Okumaya devam et <span class=\"meta-nav\">&rarr;<\/span><\/a><\/p>\n","protected":false},"author":1,"featured_media":0,"parent":0,"menu_order":0,"comment_status":"closed","ping_status":"closed","template":"","meta":{"_coblocks_attr":"","_coblocks_dimensions":"","_coblocks_responsive_height":"","_coblocks_accordion_ie_support":"","footnotes":""},"class_list":["post-155","page","type-page","status-publish","hentry"],"_links":{"self":[{"href":"https:\/\/xn--kristalritel-mlb.com\/index.php?rest_route=\/wp\/v2\/pages\/155","targetHints":{"allow":["GET"]}}],"collection":[{"href":"https:\/\/xn--kristalritel-mlb.com\/index.php?rest_route=\/wp\/v2\/pages"}],"about":[{"href":"https:\/\/xn--kristalritel-mlb.com\/index.php?rest_route=\/wp\/v2\/types\/page"}],"author":[{"embeddable":true,"href":"https:\/\/xn--kristalritel-mlb.com\/index.php?rest_route=\/wp\/v2\/users\/1"}],"replies":[{"embeddable":true,"href":"https:\/\/xn--kristalritel-mlb.com\/index.php?rest_route=%2Fwp%2Fv2%2Fcomments&post=155"}],"version-history":[{"count":5,"href":"https:\/\/xn--kristalritel-mlb.com\/index.php?rest_route=\/wp\/v2\/pages\/155\/revisions"}],"predecessor-version":[{"id":488,"href":"https:\/\/xn--kristalritel-mlb.com\/index.php?rest_route=\/wp\/v2\/pages\/155\/revisions\/488"}],"wp:attachment":[{"href":"https:\/\/xn--kristalritel-mlb.com\/index.php?rest_route=%2Fwp%2Fv2%2Fmedia&parent=155"}],"curies":[{"name":"wp","href":"https:\/\/api.w.org\/{rel}","templated":true}]}}